{"id":3,"date":"2023-05-31T16:19:44","date_gmt":"2023-05-31T16:19:44","guid":{"rendered":"https:\/\/amazonbound.com.pe\/es\/?page_id=3"},"modified":"2024-01-18T16:36:37","modified_gmt":"2024-01-18T16:36:37","slug":"politicas-de-privacidad","status":"publish","type":"page","link":"https:\/\/amazonbound.com.pe\/es\/politicas-de-privacidad\/","title":{"rendered":"Pol\u00edticas de privacidad"},"content":{"rendered":"<div class=\"wpb-content-wrapper\"><p>[vc_row][vc_column][vc_column_text]<\/p>\n<h1 style=\"text-align: center;\">Pol\u00edtica de privacidad<\/h1>\n<h2 style=\"text-align: justify;\">Mensajes de correo electr\u00f3nico<\/h2>\n<p style=\"text-align: justify;\">Cuando los visitantes env\u00edan un mensaje desde cualquier formulario de nuestro sitio, recopilamos los datos que aparecen en el formulario de comentarios, as\u00ed como la direcci\u00f3n IP del visitante y la cadena de agentes de usuario del navegador para ayudar a la detecci\u00f3n de spam.<\/p>\n<h2 style=\"text-align: justify;\">Multimedia<\/h2>\n<p style=\"text-align: justify;\">Si sube im\u00e1genes a la web, evite subirlas con datos de localizaci\u00f3n (GPS EXIF) incluidos. Los visitantes de la web pueden descargar y extraer cualquier dato de localizaci\u00f3n de las im\u00e1genes de la web.<\/p>\n<h2 style=\"text-align: justify;\">Cookies<\/h2>\n<p style=\"text-align: justify;\">Al enviar un mensaje desde cualquier formulario de nuestro sitio web, puede optar por guardar su nombre, direcci\u00f3n de correo electr\u00f3nico y sitio web en cookies. Esto es para su comodidad, para que no tenga que rellenar sus datos de nuevo cuando deje otro comentario. Estas cookies durar\u00e1n un a\u00f1o.<\/p>\n<p style=\"text-align: justify;\">Si tiene una cuenta e inicia sesi\u00f3n en este sitio, instalaremos una cookie temporal para determinar si su navegador acepta cookies. Esta cookie no contiene datos personales y se borra cuando cierra el navegador.<\/p>\n<p style=\"text-align: justify;\">Cuando inicie sesi\u00f3n, tambi\u00e9n instalaremos varias cookies para almacenar su informaci\u00f3n de inicio de sesi\u00f3n y las opciones de visualizaci\u00f3n en pantalla. Las cookies de inicio de sesi\u00f3n duran dos d\u00edas, y las de opciones de visualizaci\u00f3n duran un a\u00f1o. Si selecciona &#8220;Recordarme&#8221;, sus datos de acceso durar\u00e1n dos semanas. Si sale de su cuenta, se borrar\u00e1n sus cookies de acceso.<\/p>\n<p style=\"text-align: justify;\">Si edita o publica un art\u00edculo, se almacenar\u00e1 una cookie adicional en su navegador. Esta cookie no incluye datos personales y simplemente indica el ID del art\u00edculo que acaba de editar. Caduca al cabo de 1 d\u00eda.<\/p>\n<p style=\"text-align: justify;\">Contenido incrustado de otros sitios web<br \/>\nLos art\u00edculos de este sitio pueden incluir contenido incrustado (por ejemplo, v\u00eddeos, im\u00e1genes, art\u00edculos, contenido rrss, etc.). El contenido incrustado de otros sitios web se comporta exactamente igual que si el visitante hubiera visitado el otro sitio web.<\/p>\n<p style=\"text-align: justify;\">Estos sitios pueden recopilar datos sobre usted, utilizar cookies, incrustar seguimiento adicional de terceros y supervisar su interacci\u00f3n con ese contenido incrustado, incluido el seguimiento de su interacci\u00f3n con el contenido incrustado si tiene una cuenta y ha iniciado sesi\u00f3n en ese sitio.<\/p>\n<h2 style=\"text-align: justify;\">Con qui\u00e9n compartimos sus datos<\/h2>\n<p style=\"text-align: justify;\">Con absolutamente nadie ajeno a la empresa AMAZON BOUND.<\/p>\n<h2 style=\"text-align: justify;\">Cu\u00e1nto tiempo conservamos sus datos<\/h2>\n<p style=\"text-align: justify;\">Si deja un comentario, el comentario y sus metadatos se conservan indefinidamente. Esto se hace para que podamos reconocer y aprobar autom\u00e1ticamente los comentarios sucesivos, en lugar de mantenerlos en una cola de moderaci\u00f3n.<\/p>\n<p style=\"text-align: justify;\">En el caso de los usuarios que se registran en nuestro sitio (si los hay), tambi\u00e9n almacenamos la informaci\u00f3n personal que proporcionan en su perfil de usuario. Todos los usuarios pueden ver, editar o borrar su informaci\u00f3n personal en cualquier momento (excepto que no pueden cambiar su nombre de usuario). Los administradores del sitio tambi\u00e9n pueden ver y editar esa informaci\u00f3n.<\/p>\n<h2 style=\"text-align: justify;\">Qu\u00e9 derechos tiene sobre sus datos<\/h2>\n<p style=\"text-align: justify;\">Si tiene una cuenta o ha dejado comentarios en este sitio web, puede solicitar que le enviemos un archivo de exportaci\u00f3n de los datos personales que tenemos sobre usted, incluidos los que nos haya facilitado. Tambi\u00e9n puede solicitar que eliminemos cualquier dato personal que tengamos sobre usted. Esto no incluye los datos que debamos conservar por motivos administrativos, legales o de seguridad.<\/p>\n<h2 style=\"text-align: justify;\">D\u00f3nde se env\u00edan sus datos<\/h2>\n<p style=\"text-align: justify;\">Los comentarios de los visitantes antes de ser enviados son revisados por un servicio autom\u00e1tico de detecci\u00f3n de spam y posteriormente llegan al destinatario, con el fin de prevenir y filtrar la gran cantidad de mensajes y correos basura que llegan a nuestros servidores.<\/p>\n<h2 style=\"text-align: justify;\">Tienda en l\u00ednea<\/h2>\n<p style=\"text-align: justify;\">Durante su visita a nuestro sitio web realizaremos un seguimiento de:<\/p>\n<p style=\"text-align: justify;\">Los paquetes que ha visto: Los utilizaremos para, por ejemplo, mostrarle los productos que ha visto recientemente.<br \/>\nUbicaci\u00f3n, direcci\u00f3n IP y tipo de navegador: Lo utilizaremos para fines como estimar impuestos y gastos de env\u00edo.<br \/>\nDirecci\u00f3n de env\u00edo: le pediremos que nos la facilite para poder, por ejemplo, calcular el coste de env\u00edo antes de que realice un pedido y envi\u00e1rselo.<br \/>\nTambi\u00e9n utilizamos cookies para hacer un seguimiento del contenido de su carrito mientras navega por nuestro sitio.<\/p>\n<h2 style=\"text-align: justify;\">Pagos<\/h2>\n<p style=\"text-align: justify;\">Aceptamos pagos a trav\u00e9s de PayPal. Al procesar los pagos, parte de su informaci\u00f3n se transmitir\u00e1 a PayPal, incluida la informaci\u00f3n necesaria para procesar o respaldar el pago, como el total de la compra y la informaci\u00f3n de facturaci\u00f3n.<\/p>\n<p style=\"text-align: justify;\">Para m\u00e1s informaci\u00f3n, consulte la pol\u00edtica de <a href=\"https:\/\/www.paypal.com\/es\/cshelp\/article\/%C2%BFcu%C3%A1l-es-la-pol%C3%ADtica-de-paypal-sobre-la-privacidad-y-c%C3%B3mo-se-aplica-la-declaraci%C3%B3n-de-privacidad-help330\">privacidad de PayPal<\/a>.<\/p>\n<p>[\/vc_column_text][\/vc_column][\/vc_row]<\/p>\n<\/div>","protected":false},"excerpt":{"rendered":"<p>[vc_row][vc_column][vc_column_text] Pol\u00edtica de privacidad Mensajes de correo electr\u00f3nico Cuando los visitantes env\u00edan un mensaje desde cualquier formulario de nuestro sitio, recopilamos los datos que aparecen en el formulario de comentarios, as\u00ed como la direcci\u00f3n IP del visitante y la cadena de agentes de usuario del navegador para ayudar a la detecci\u00f3n de spam. Multimedia Si sube im\u00e1genes a la web, evite subirlas con datos de localizaci\u00f3n (GPS EXIF) incluidos. Los visitantes de la web pueden descargar y extraer cualquier dato de localizaci\u00f3n de las im\u00e1genes de la web. Cookies Al&#8230;<\/p>\n","protected":false},"author":1,"featured_media":0,"parent":0,"menu_order":0,"comment_status":"closed","ping_status":"closed","template":"","meta":{"footnotes":""},"class_list":["post-3","page","type-page","status-publish","hentry"],"_links":{"self":[{"href":"https:\/\/amazonbound.com.pe\/es\/wp-json\/wp\/v2\/pages\/3","targetHints":{"allow":["GET"]}}],"collection":[{"href":"https:\/\/amazonbound.com.pe\/es\/wp-json\/wp\/v2\/pages"}],"about":[{"href":"https:\/\/amazonbound.com.pe\/es\/wp-json\/wp\/v2\/types\/page"}],"author":[{"embeddable":true,"href":"https:\/\/amazonbound.com.pe\/es\/wp-json\/wp\/v2\/users\/1"}],"replies":[{"embeddable":true,"href":"https:\/\/amazonbound.com.pe\/es\/wp-json\/wp\/v2\/comments?post=3"}],"version-history":[{"count":10,"href":"https:\/\/amazonbound.com.pe\/es\/wp-json\/wp\/v2\/pages\/3\/revisions"}],"predecessor-version":[{"id":4395,"href":"https:\/\/amazonbound.com.pe\/es\/wp-json\/wp\/v2\/pages\/3\/revisions\/4395"}],"wp:attachment":[{"href":"https:\/\/amazonbound.com.pe\/es\/wp-json\/wp\/v2\/media?parent=3"}],"curies":[{"name":"wp","href":"https:\/\/api.w.org\/{rel}","templated":true}]}}