{"id":16,"date":"2023-06-01T23:31:22","date_gmt":"2023-06-01T23:31:22","guid":{"rendered":"https:\/\/amazonbound.com.pe\/es\/?page_id=16"},"modified":"2024-03-15T23:21:21","modified_gmt":"2024-03-15T23:21:21","slug":"devoluciones","status":"publish","type":"page","link":"https:\/\/amazonbound.com.pe\/es\/devoluciones\/","title":{"rendered":"DEVOLUCIONES"},"content":{"rendered":"<div class=\"wpb-content-wrapper\"><p>[vc_row][vc_column][vc_column_text]<\/p>\n<h2><strong>DEVOLUCIONES<\/strong><\/h2>\n<p>Queremos que entiendas que AMAZON BOUND paga por adelantado la reserva de la log\u00edstica de operaci\u00f3n, tales como las entradas a las \u00e1reas naturales protegidas, personal de atenci\u00f3n y los gu\u00edas con los que trabajamos se les da una cuota de no-show, por lo que en caso de cancelaciones o de no presentarse no hay reembolso.<\/p>\n<p>&nbsp;<\/p>\n<p><strong>No Show:<\/strong> En el caso de que usted haya confirmado su reserva y no se presente al campamento, no se le rembolsar\u00e1 su dep\u00f3sito.[\/vc_column_text][\/vc_column][\/vc_row]<\/p>\n<\/div>","protected":false},"excerpt":{"rendered":"<p>[vc_row][vc_column][vc_column_text] DEVOLUCIONES Queremos que entiendas que AMAZON BOUND paga por adelantado la reserva de la log\u00edstica de operaci\u00f3n, tales como las entradas a las \u00e1reas naturales protegidas, personal de atenci\u00f3n y los gu\u00edas con los que trabajamos se les da una cuota de no-show, por lo que en caso de cancelaciones o de no presentarse no hay reembolso. &nbsp; No Show: En el caso de que usted haya confirmado su reserva y no se presente al campamento, no se le rembolsar\u00e1 su dep\u00f3sito.[\/vc_column_text][\/vc_column][\/vc_row]<\/p>\n","protected":false},"author":1,"featured_media":0,"parent":0,"menu_order":0,"comment_status":"closed","ping_status":"closed","template":"","meta":{"footnotes":""},"class_list":["post-16","page","type-page","status-publish","hentry"],"_links":{"self":[{"href":"https:\/\/amazonbound.com.pe\/es\/wp-json\/wp\/v2\/pages\/16","targetHints":{"allow":["GET"]}}],"collection":[{"href":"https:\/\/amazonbound.com.pe\/es\/wp-json\/wp\/v2\/pages"}],"about":[{"href":"https:\/\/amazonbound.com.pe\/es\/wp-json\/wp\/v2\/types\/page"}],"author":[{"embeddable":true,"href":"https:\/\/amazonbound.com.pe\/es\/wp-json\/wp\/v2\/users\/1"}],"replies":[{"embeddable":true,"href":"https:\/\/amazonbound.com.pe\/es\/wp-json\/wp\/v2\/comments?post=16"}],"version-history":[{"count":9,"href":"https:\/\/amazonbound.com.pe\/es\/wp-json\/wp\/v2\/pages\/16\/revisions"}],"predecessor-version":[{"id":4449,"href":"https:\/\/amazonbound.com.pe\/es\/wp-json\/wp\/v2\/pages\/16\/revisions\/4449"}],"wp:attachment":[{"href":"https:\/\/amazonbound.com.pe\/es\/wp-json\/wp\/v2\/media?parent=16"}],"curies":[{"name":"wp","href":"https:\/\/api.w.org\/{rel}","templated":true}]}}